{"id":9515,"date":"2022-09-21T09:22:30","date_gmt":"2022-09-21T09:22:30","guid":{"rendered":"https:\/\/www.vinalo.it\/?post_type=product&#038;p=9515"},"modified":"2023-03-17T15:19:42","modified_gmt":"2023-03-17T15:19:42","slug":"il-mastego-valpolicella-superiore-doc","status":"publish","type":"product","link":"https:\/\/vinalo.it\/en\/product\/il-mastego-valpolicella-superiore-doc\/","title":{"rendered":"Bellora: Il Mastego, Valpolicella Superiore DOC"},"content":{"rendered":"<p><strong>Formato<\/strong><br \/>\n0,75 l<\/p>\n<p><strong>Descrizione prodotto<\/strong><br \/>\nColore rosso rubino piuttosto intenso e trasparenza moderata. Aromi di frutti (ciliegia, prugna e amarena) ai quali si uniscono qualit\u00e0 terziarie, risultato della maturazione in botte dei quali il pi\u00f9 frequente \u00e8 la vaniglia oltre a liquirizia e pepe nero. In bocca si ritrovano i sapori identificativi dell\u2019apertura, cio\u00e8 ciliegia, prugna e amarena, equilibrato da una piacevole morbidezza con un retrogusto finale alla mandorla.<\/p>\n<p><strong>Abbinamenti<\/strong><br \/>\nSi accompagna perfettamente con carni arrosto, in particolare maiale, faraona e selvaggina. Eccellente con piatti a base di funghi e con formaggi di media stagionatura.<\/p>","protected":false},"excerpt":{"rendered":"<p>Formato 0,75 l Descrizione prodotto Colore rosso rubino piuttosto intenso e trasparenza moderata. Aromi di frutti (ciliegia, prugna e amarena) ai quali si uniscono qualit\u00e0 terziarie, risultato della maturazione in botte dei quali il pi\u00f9 frequente \u00e8 la vaniglia oltre a liquirizia e pepe nero. In bocca si ritrovano i sapori identificativi dell\u2019apertura, cio\u00e8 ciliegia, [&hellip;]<\/p>\n","protected":false},"featured_media":9510,"template":"","meta":[],"product_brand":[],"product_cat":[150,96],"product_tag":[101],"class_list":{"0":"post-9515","1":"product","2":"type-product","3":"status-publish","4":"has-post-thumbnail","6":"product_cat-bellora-vini","7":"product_cat-vini","8":"product_tag-doc","10":"first","11":"instock","12":"shipping-taxable","13":"product-type-simple"},"_links":{"self":[{"href":"https:\/\/vinalo.it\/en\/wp-json\/wp\/v2\/product\/9515","targetHints":{"allow":["GET"]}}],"collection":[{"href":"https:\/\/vinalo.it\/en\/wp-json\/wp\/v2\/product"}],"about":[{"href":"https:\/\/vinalo.it\/en\/wp-json\/wp\/v2\/types\/product"}],"wp:featuredmedia":[{"embeddable":true,"href":"https:\/\/vinalo.it\/en\/wp-json\/wp\/v2\/media\/9510"}],"wp:attachment":[{"href":"https:\/\/vinalo.it\/en\/wp-json\/wp\/v2\/media?parent=9515"}],"wp:term":[{"taxonomy":"product_brand","embeddable":true,"href":"https:\/\/vinalo.it\/en\/wp-json\/wp\/v2\/product_brand?post=9515"},{"taxonomy":"product_cat","embeddable":true,"href":"https:\/\/vinalo.it\/en\/wp-json\/wp\/v2\/product_cat?post=9515"},{"taxonomy":"product_tag","embeddable":true,"href":"https:\/\/vinalo.it\/en\/wp-json\/wp\/v2\/product_tag?post=9515"}],"curies":[{"name":"wp","href":"https:\/\/api.w.org\/{rel}","templated":true}]}}