{"id":8986,"date":"2021-03-26T10:27:52","date_gmt":"2021-03-26T10:27:52","guid":{"rendered":"https:\/\/www.vinalo.it\/?post_type=product&#038;p=8986"},"modified":"2021-05-12T18:30:31","modified_gmt":"2021-05-12T18:30:31","slug":"gorgo-monte-maggiore","status":"publish","type":"product","link":"https:\/\/vinalo.it\/en\/product\/gorgo-monte-maggiore\/","title":{"rendered":"Gorgo: Monte Maggiore, Linea Superiore, Vino Biologico"},"content":{"rendered":"<p style=\"text-align: left;\">Una accurata vinificazione delle uve autoctone vendemmiate con cura nel vigneto ed un periodo di affinamento non inferiore all\u2019anno danno vita ad un vino di struttura, fruttato, leggermente speziato, di grande personalit\u00e0 e tipicit\u00e0, ispirata ai pi\u00f9 alti valori della DOCG.<\/p>\n<p style=\"text-align: left;\">CORVINA &#8211; RONDINELLA &#8211; MOLINARA<\/p>","protected":false},"excerpt":{"rendered":"<p>Una accurata vinificazione delle uve autoctone vendemmiate con cura nel vigneto ed un periodo di affinamento non inferiore all\u2019anno danno vita ad un vino di struttura, fruttato, leggermente speziato, di grande personalit\u00e0 e tipicit\u00e0, ispirata ai pi\u00f9 alti valori della DOCG. CORVINA &#8211; RONDINELLA &#8211; MOLINARA<\/p>","protected":false},"featured_media":8970,"template":"","meta":[],"product_brand":[],"product_cat":[107,96],"product_tag":[102],"class_list":{"0":"post-8986","1":"product","2":"type-product","3":"status-publish","4":"has-post-thumbnail","6":"product_cat-gorgo-vini","7":"product_cat-vini","8":"product_tag-biologico","10":"first","11":"instock","12":"shipping-taxable","13":"product-type-simple"},"_links":{"self":[{"href":"https:\/\/vinalo.it\/en\/wp-json\/wp\/v2\/product\/8986","targetHints":{"allow":["GET"]}}],"collection":[{"href":"https:\/\/vinalo.it\/en\/wp-json\/wp\/v2\/product"}],"about":[{"href":"https:\/\/vinalo.it\/en\/wp-json\/wp\/v2\/types\/product"}],"wp:featuredmedia":[{"embeddable":true,"href":"https:\/\/vinalo.it\/en\/wp-json\/wp\/v2\/media\/8970"}],"wp:attachment":[{"href":"https:\/\/vinalo.it\/en\/wp-json\/wp\/v2\/media?parent=8986"}],"wp:term":[{"taxonomy":"product_brand","embeddable":true,"href":"https:\/\/vinalo.it\/en\/wp-json\/wp\/v2\/product_brand?post=8986"},{"taxonomy":"product_cat","embeddable":true,"href":"https:\/\/vinalo.it\/en\/wp-json\/wp\/v2\/product_cat?post=8986"},{"taxonomy":"product_tag","embeddable":true,"href":"https:\/\/vinalo.it\/en\/wp-json\/wp\/v2\/product_tag?post=8986"}],"curies":[{"name":"wp","href":"https:\/\/api.w.org\/{rel}","templated":true}]}}