{"id":8984,"date":"2021-03-26T10:20:39","date_gmt":"2021-03-26T10:20:39","guid":{"rendered":"https:\/\/www.vinalo.it\/?post_type=product&#038;p=8984"},"modified":"2021-05-12T18:30:44","modified_gmt":"2021-05-12T18:30:44","slug":"gorgo-valpolicella-ripasso-classico-superiore-doc","status":"publish","type":"product","link":"https:\/\/vinalo.it\/en\/product\/gorgo-valpolicella-ripasso-classico-superiore-doc\/","title":{"rendered":"Gorgo: Valpolicella Ripasso, Classico Superiore &#8211; DOC"},"content":{"rendered":"<p>Nel Ripasso il frutto si sposa con le spezie, grazie ad una tecnica esclusiva di queste terre che le d\u00e0 il nome: per le sue uve, le sue caratteristiche e per il modo in cui \u00e8 prodotto \u00e8 un vino unico. Un carattere corposo e al tempo stesso accattivante, morbido e avvolgente. Un vino pensato per durare nel tempo.<\/p>\n<p style=\"text-align: left;\">CORVINA &#8211; CORVINONE RONDINELLA<\/p>","protected":false},"excerpt":{"rendered":"<p>Nel Ripasso il frutto si sposa con le spezie, grazie ad una tecnica esclusiva di queste terre che le d\u00e0 il nome: per le sue uve, le sue caratteristiche e per il modo in cui \u00e8 prodotto \u00e8 un vino unico. Un carattere corposo e al tempo stesso accattivante, morbido e avvolgente. Un vino pensato [&hellip;]<\/p>\n","protected":false},"featured_media":8968,"template":"","meta":[],"product_brand":[],"product_cat":[107,96],"product_tag":[101],"class_list":{"0":"post-8984","1":"product","2":"type-product","3":"status-publish","4":"has-post-thumbnail","6":"product_cat-gorgo-vini","7":"product_cat-vini","8":"product_tag-doc","10":"first","11":"instock","12":"shipping-taxable","13":"product-type-simple"},"_links":{"self":[{"href":"https:\/\/vinalo.it\/en\/wp-json\/wp\/v2\/product\/8984","targetHints":{"allow":["GET"]}}],"collection":[{"href":"https:\/\/vinalo.it\/en\/wp-json\/wp\/v2\/product"}],"about":[{"href":"https:\/\/vinalo.it\/en\/wp-json\/wp\/v2\/types\/product"}],"wp:featuredmedia":[{"embeddable":true,"href":"https:\/\/vinalo.it\/en\/wp-json\/wp\/v2\/media\/8968"}],"wp:attachment":[{"href":"https:\/\/vinalo.it\/en\/wp-json\/wp\/v2\/media?parent=8984"}],"wp:term":[{"taxonomy":"product_brand","embeddable":true,"href":"https:\/\/vinalo.it\/en\/wp-json\/wp\/v2\/product_brand?post=8984"},{"taxonomy":"product_cat","embeddable":true,"href":"https:\/\/vinalo.it\/en\/wp-json\/wp\/v2\/product_cat?post=8984"},{"taxonomy":"product_tag","embeddable":true,"href":"https:\/\/vinalo.it\/en\/wp-json\/wp\/v2\/product_tag?post=8984"}],"curies":[{"name":"wp","href":"https:\/\/api.w.org\/{rel}","templated":true}]}}