{"id":6963,"date":"2020-12-16T14:43:35","date_gmt":"2020-12-16T14:43:35","guid":{"rendered":"https:\/\/www.vinalo.it\/?post_type=product&#038;p=6963"},"modified":"2022-07-20T09:05:00","modified_gmt":"2022-07-20T09:05:00","slug":"mainente-soave-classico-doc-tovo-al-pigno","status":"publish","type":"product","link":"https:\/\/vinalo.it\/en\/product\/mainente-soave-classico-doc-tovo-al-pigno\/","title":{"rendered":"Mainente: Soave Classico DOC &#8211; Tovo al Pigno"},"content":{"rendered":"<p>Variet\u00e0 uve: Garganega 100%<\/p>\n<p>Vigneto: Le uve per la produzione di questo vino provengono da un vigneto situato sulle colline storiche del Soave classico all\u2019interno dell\u2019unit\u00e0 geografica del Pigno. Il terreno \u00e8 vulcanico e la forma di allevamento \u00e8 la pergola veronese.<\/p>\n<p>Vinificazione: Le uve sono vendemmiate a met\u00e0 Ottobre. Il vino viene fermentato e affinato in vasche di cemento a temperatura controllata. Tovo al Pigno \u00e8 imbottigliato in primavera.<\/p>\n<p>Caratteristiche organolettiche: Naso intenso con sentori di fiori bianchi, albicocca, agrumi e mandorla. Buna freschezza, equilibrato e molto persistente.<\/p>\n<p>Abbinamenti: Soave classico Tovo al Pigno \u00e8 il compagno ideale per qualsiasi tipo di pasto. L\u2019equilibrio gustativo e gli aromi floreali lo rendono perfettto con riso, verdure ma anche pesce e carni bianche.<\/p>\n<p>Temperatura di servizio: 10-12 \u00b0C<\/p>\n<p>Alcohol: 12,50%<\/p>\n<p>Premi e riconoscimenti:<\/p>\n<p>Decanter: 93 pt<br \/>\nDecanter WWA: 2016 Commended 84 pt \/ 2017 Commended 85pt; \/2018 Bronze Medal 88 Pt \/ 2019 Silver Medal 92 pt<br \/>\nWine Enthusiast: 89 pt (2018)<br \/>\nGambero Rosso: 2 bicchieri;<br \/>\nVini buoni d\u2019Italia Corona: 2013\/2014\/2015;<br \/>\nVerona wine top: 2011\/2014\/2016;<br \/>\n5 StarWines Veronafiere: 90 Pt<br \/>\nForbes: Best Italian wines of the year, 2018<br \/>\nJancis Robinson: 16+ (2019)<br \/>\nFalstaff Soave Trophy 2020: 92pt<\/p>\n<p><iframe class=\"lazyload\" title=\"vimeo-player\" data-src=\"https:\/\/player.vimeo.com\/video\/536785631?h=a9246a29fb\" width=\"640\" height=\"360\" frameborder=\"0\" allowfullscreen=\"allowfullscreen\"><\/iframe><\/p>\n<blockquote class=\"instagram-media\" style=\"background: #FFF; border: 0; border-radius: 3px; box-shadow: 0 0 1px 0 rgba(0,0,0,0.5),0 1px 10px 0 rgba(0,0,0,0.15); margin: 1px; max-width: 540px; min-width: 326px; padding: 0; width: calc(100% - 2px);\" data-instgrm-captioned=\"\" data-instgrm-permalink=\"https:\/\/www.instagram.com\/reel\/CgB0s9_FMLb\/?utm_source=ig_embed&amp;utm_campaign=loading\" data-instgrm-version=\"14\">\n<div style=\"padding: 16px;\">\n<p>&nbsp;<\/p>\n<div style=\"display: flex; flex-direction: row; align-items: center;\">\n<div style=\"background-color: #f4f4f4; border-radius: 50%; flex-grow: 0; height: 40px; margin-right: 14px; width: 40px;\"><\/div>\n<div style=\"display: flex; flex-direction: column; flex-grow: 1; justify-content: center;\">\n<div style=\"background-color: #f4f4f4; border-radius: 4px; flex-grow: 0; height: 14px; margin-bottom: 6px; width: 100px;\"><\/div>\n<div style=\"background-color: #f4f4f4; border-radius: 4px; flex-grow: 0; height: 14px; width: 60px;\"><\/div>\n<\/div>\n<\/div>\n<div style=\"padding: 19% 0;\"><\/div>\n<div style=\"display: block; height: 50px; margin: 0 auto 12px; width: 50px;\"><\/div>\n<div style=\"padding-top: 8px;\">\n<div style=\"color: #3897f0; font-family: Arial,sans-serif; font-size: 14px; font-style: normal; font-weight: 550; line-height: 18px;\">Visualizza questo post su Instagram<\/div>\n<\/div>\n<div style=\"padding: 12.5% 0;\"><\/div>\n<div style=\"display: flex; flex-direction: row; margin-bottom: 14px; align-items: center;\">\n<div>\n<div style=\"background-color: #f4f4f4; border-radius: 50%; height: 12.5px; width: 12.5px; transform: translateX(0px) translateY(7px);\"><\/div>\n<div style=\"background-color: #f4f4f4; height: 12.5px; transform: rotate(-45deg) translateX(3px) translateY(1px); width: 12.5px; flex-grow: 0; margin-right: 14px; margin-left: 2px;\"><\/div>\n<div style=\"background-color: #f4f4f4; border-radius: 50%; height: 12.5px; width: 12.5px; transform: translateX(9px) translateY(-18px);\"><\/div>\n<\/div>\n<div style=\"margin-left: 8px;\">\n<div style=\"background-color: #f4f4f4; border-radius: 50%; flex-grow: 0; height: 20px; width: 20px;\"><\/div>\n<div style=\"width: 0; height: 0; border-top: 2px solid transparent; border-left: 6px solid #f4f4f4; border-bottom: 2px solid transparent; transform: translateX(16px) translateY(-4px) rotate(30deg);\"><\/div>\n<\/div>\n<div style=\"margin-left: auto;\">\n<div style=\"width: 0px; border-top: 8px solid #F4F4F4; border-right: 8px solid transparent; transform: translateY(16px);\"><\/div>\n<div style=\"background-color: #f4f4f4; flex-grow: 0; height: 12px; width: 16px; transform: translateY(-4px);\"><\/div>\n<div style=\"width: 0; height: 0; border-top: 8px solid #F4F4F4; border-left: 8px solid transparent; transform: translateY(-4px) translateX(8px);\"><\/div>\n<\/div>\n<\/div>\n<div style=\"display: flex; flex-direction: column; flex-grow: 1; justify-content: center; margin-bottom: 24px;\">\n<div style=\"background-color: #f4f4f4; border-radius: 4px; flex-grow: 0; height: 14px; margin-bottom: 6px; width: 224px;\"><\/div>\n<div style=\"background-color: #f4f4f4; border-radius: 4px; flex-grow: 0; height: 14px; width: 144px;\"><\/div>\n<\/div>\n<p>&nbsp;<\/p>\n<p style=\"color: #c9c8cd; font-family: Arial,sans-serif; font-size: 14px; line-height: 17px; margin-bottom: 0; margin-top: 8px; overflow: hidden; padding: 8px 0 7px; text-align: center; text-overflow: ellipsis; white-space: nowrap;\"><a style=\"color: #c9c8cd; font-family: Arial,sans-serif; font-size: 14px; font-style: normal; font-weight: normal; line-height: 17px; text-decoration: none;\" href=\"https:\/\/www.instagram.com\/reel\/CgB0s9_FMLb\/?utm_source=ig_embed&amp;utm_campaign=loading\" target=\"_blank\" rel=\"noopener\">Un post condiviso da Beatrice Bertoni (@sommelierouge)<\/a><\/p>\n<\/div>\n<\/blockquote>\n<p><script async src=\"\/\/www.instagram.com\/embed.js\"><\/script><\/p>","protected":false},"excerpt":{"rendered":"<p>Variet\u00e0 uve: Garganega 100% Vigneto: Le uve per la produzione di questo vino provengono da un vigneto situato sulle colline storiche del Soave classico all\u2019interno dell\u2019unit\u00e0 geografica del Pigno. Il terreno \u00e8 vulcanico e la forma di allevamento \u00e8 la pergola veronese. Vinificazione: Le uve sono vendemmiate a met\u00e0 Ottobre. Il vino viene fermentato e [&hellip;]<\/p>\n","protected":false},"featured_media":6947,"template":"","meta":[],"product_brand":[],"product_cat":[110,96],"product_tag":[101],"class_list":{"0":"post-6963","1":"product","2":"type-product","3":"status-publish","4":"has-post-thumbnail","6":"product_cat-mainente-vini","7":"product_cat-vini","8":"product_tag-doc","10":"first","11":"instock","12":"shipping-taxable","13":"purchasable","14":"product-type-simple"},"_links":{"self":[{"href":"https:\/\/vinalo.it\/en\/wp-json\/wp\/v2\/product\/6963","targetHints":{"allow":["GET"]}}],"collection":[{"href":"https:\/\/vinalo.it\/en\/wp-json\/wp\/v2\/product"}],"about":[{"href":"https:\/\/vinalo.it\/en\/wp-json\/wp\/v2\/types\/product"}],"wp:featuredmedia":[{"embeddable":true,"href":"https:\/\/vinalo.it\/en\/wp-json\/wp\/v2\/media\/6947"}],"wp:attachment":[{"href":"https:\/\/vinalo.it\/en\/wp-json\/wp\/v2\/media?parent=6963"}],"wp:term":[{"taxonomy":"product_brand","embeddable":true,"href":"https:\/\/vinalo.it\/en\/wp-json\/wp\/v2\/product_brand?post=6963"},{"taxonomy":"product_cat","embeddable":true,"href":"https:\/\/vinalo.it\/en\/wp-json\/wp\/v2\/product_cat?post=6963"},{"taxonomy":"product_tag","embeddable":true,"href":"https:\/\/vinalo.it\/en\/wp-json\/wp\/v2\/product_tag?post=6963"}],"curies":[{"name":"wp","href":"https:\/\/api.w.org\/{rel}","templated":true}]}}